{"id":192,"date":"2009-01-11T22:38:15","date_gmt":"2009-01-11T22:38:15","guid":{"rendered":"https:\/\/ea.ess-edu.pt\/?page_id=192"},"modified":"2009-01-12T01:27:16","modified_gmt":"2009-01-12T01:27:16","slug":"carnaval-2007","status":"publish","type":"page","link":"https:\/\/ea.ess-edu.pt\/?page_id=192","title":{"rendered":"Carnaval 2007"},"content":{"rendered":"<h6>ngg_shortcode_0_placeholder<\/h6>\n<p><br class=\"spacer_\" \/><\/p>\n<h2>CARNAVAL NA ESCOLA SECUND\u00c1RIA\/3 DA S\u00c9 &#8211; LAMEGO<\/h2>\n<h3>MAIS UMA OPORTUNIDADE DE EMPREENDER PARA APRENDER<\/h3>\n<p>No passado dia 16, \u00e0 tarde, na Escola Secund\u00e1ria\/3 da S\u00e9 &#8211; Lamego, assinalou-se o Carnaval. Alunos, professores e funcion\u00e1rios &#8220;n\u00e3o deixaram os seus cr\u00e9ditos por m\u00e3os alheias&#8221;.<\/p>\n<p>Assim, mostraram a muitos elementos da comunidade educativa o produto do seu trabalho, persist\u00eancia, empenho, e imagina\u00e7\u00e3o\/criatividade.<\/p>\n<p><img decoding=\"async\" class=\"size-medium wp-image-208 alignright lazyload\" data-src=\"https:\/\/ea.ess-edu.pt\/wp-content\/uploads\/2009\/01\/carnv2007-300x185.jpg\" alt=\"\" width=\"300\" height=\"185\" data-srcset=\"https:\/\/ea.ess-edu.pt\/wp-content\/uploads\/2009\/01\/carnv2007-300x185.jpg 300w, https:\/\/ea.ess-edu.pt\/wp-content\/uploads\/2009\/01\/carnv2007.jpg 372w\" data-sizes=\"(max-width: 300px) 100vw, 300px\" src=\"data:image\/svg+xml;base64,PHN2ZyB3aWR0aD0iMSIgaGVpZ2h0PSIxIiB4bWxucz0iaHR0cDovL3d3dy53My5vcmcvMjAwMC9zdmciPjwvc3ZnPg==\" style=\"--smush-placeholder-width: 300px; --smush-placeholder-aspect-ratio: 300\/185;\" \/>Durante v\u00e1rias semanas, foram feitas pesquisas, no sentido de atingir o maior grau poss\u00edvel de autenticidade no que se pretendia mostrar. N\u00e3o faltou a recria\u00e7\u00e3o de diferentes \u00e9pocas e eventos hist\u00f3ricos, desde a Antiguidade Grega at\u00e9 ao s\u00e9c. XIX, passando pelos Descobrimentos. A interculturalidade marcou presen\u00e7a: sambou-se, dan\u00e7ou-se ao som de ritmos africanos, homens e mulheres de civiliza\u00e7\u00f5es orientais desfilaram, ciosos de exibirem as suas diferen\u00e7as.<\/p>\n<p>\u00c0 dist\u00e2ncia, o saldo desta iniciativa continua a ser bastante positivo, pois, para al\u00e9m do desenvolvimento de compet\u00eancias essenciais \u00e0 forma\u00e7\u00e3o de cidad\u00e3os activos, colaborantes e abertos \u00e0 diversidade, a comunidade educativa conjugou esfor\u00e7os e, novamente, mostrou que a interac\u00e7\u00e3o e a co-responsabiliza\u00e7\u00e3o s\u00e3o pe\u00e7as-chave na engrenagem da nossa comunidade educativa, cont\u00ednua e reflectidamente (re)constru\u00edda.<\/p>\n<p>Para finalizar, um desejo muito especial &#8211; que nesta Escola se continue a aprender desta forma solid\u00e1ria e criativa. Outras oportunidades n\u00e3o h\u00e3o-de faltar.<\/p>\n<p>Aproveitemo-las&#8230; todos porque todos somos membros desta comunidade educativa que assumir\u00e1 o cariz que n\u00f3s escolhermos.<\/p>\n<p><em>Maria Am\u00e9lia Bernardo, 8.\u00ba Grupo B &#8211; Jornal EA n.\u00ba 7, Mar\u00e7o de 2007<\/em><\/p>\n","protected":false},"excerpt":{"rendered":"<p>CARNAVAL NA ESCOLA SECUND\u00c1RIA\/3 DA S\u00c9 &#8211; LAMEGO MAIS UMA OPORTUNIDADE DE EMPREENDER PARA APRENDER No passado dia 16, \u00e0 tarde, na Escola Secund\u00e1ria\/3 da S\u00e9 &#8211; Lamego, assinalou-se o Carnaval. Alunos, professores e funcion\u00e1rios &#8220;n\u00e3o deixaram os seus cr\u00e9ditos por m\u00e3os alheias&#8221;. Assim, mostraram a muitos elementos da comunidade educativa o produto do seu [&hellip;]<\/p>\n","protected":false},"author":1,"featured_media":0,"parent":197,"menu_order":0,"comment_status":"open","ping_status":"closed","template":"","meta":{"ngg_post_thumbnail":0,"ocean_post_layout":"","ocean_both_sidebars_style":"","ocean_both_sidebars_content_width":0,"ocean_both_sidebars_sidebars_width":0,"ocean_sidebar":"","ocean_second_sidebar":"","ocean_disable_margins":"enable","ocean_add_body_class":"","ocean_shortcode_before_top_bar":"","ocean_shortcode_after_top_bar":"","ocean_shortcode_before_header":"","ocean_shortcode_after_header":"","ocean_has_shortcode":"","ocean_shortcode_after_title":"","ocean_shortcode_before_footer_widgets":"","ocean_shortcode_after_footer_widgets":"","ocean_shortcode_before_footer_bottom":"","ocean_shortcode_after_footer_bottom":"","ocean_display_top_bar":"default","ocean_display_header":"default","ocean_header_style":"","ocean_center_header_left_menu":"","ocean_custom_header_template":"","ocean_custom_logo":0,"ocean_custom_retina_logo":0,"ocean_custom_logo_max_width":0,"ocean_custom_logo_tablet_max_width":0,"ocean_custom_logo_mobile_max_width":0,"ocean_custom_logo_max_height":0,"ocean_custom_logo_tablet_max_height":0,"ocean_custom_logo_mobile_max_height":0,"ocean_header_custom_menu":"","ocean_menu_typo_font_family":"","ocean_menu_typo_font_subset":"","ocean_menu_typo_font_size":0,"ocean_menu_typo_font_size_tablet":0,"ocean_menu_typo_font_size_mobile":0,"ocean_menu_typo_font_size_unit":"px","ocean_menu_typo_font_weight":"","ocean_menu_typo_font_weight_tablet":"","ocean_menu_typo_font_weight_mobile":"","ocean_menu_typo_transform":"","ocean_menu_typo_transform_tablet":"","ocean_menu_typo_transform_mobile":"","ocean_menu_typo_line_height":0,"ocean_menu_typo_line_height_tablet":0,"ocean_menu_typo_line_height_mobile":0,"ocean_menu_typo_line_height_unit":"","ocean_menu_typo_spacing":0,"ocean_menu_typo_spacing_tablet":0,"ocean_menu_typo_spacing_mobile":0,"ocean_menu_typo_spacing_unit":"","ocean_menu_link_color":"","ocean_menu_link_color_hover":"","ocean_menu_link_color_active":"","ocean_menu_link_background":"","ocean_menu_link_hover_background":"","ocean_menu_link_active_background":"","ocean_menu_social_links_bg":"","ocean_menu_social_hover_links_bg":"","ocean_menu_social_links_color":"","ocean_menu_social_hover_links_color":"","ocean_disable_title":"default","ocean_disable_heading":"default","ocean_post_title":"","ocean_post_subheading":"","ocean_post_title_style":"","ocean_post_title_background_color":"","ocean_post_title_background":0,"ocean_post_title_bg_image_position":"","ocean_post_title_bg_image_attachment":"","ocean_post_title_bg_image_repeat":"","ocean_post_title_bg_image_size":"","ocean_post_title_height":0,"ocean_post_title_bg_overlay":0.5,"ocean_post_title_bg_overlay_color":"","ocean_disable_breadcrumbs":"default","ocean_breadcrumbs_color":"","ocean_breadcrumbs_separator_color":"","ocean_breadcrumbs_links_color":"","ocean_breadcrumbs_links_hover_color":"","ocean_display_footer_widgets":"default","ocean_display_footer_bottom":"default","ocean_custom_footer_template":"","footnotes":""},"class_list":["post-192","page","type-page","status-publish","hentry","entry"],"_links":{"self":[{"href":"https:\/\/ea.ess-edu.pt\/index.php?rest_route=\/wp\/v2\/pages\/192","targetHints":{"allow":["GET"]}}],"collection":[{"href":"https:\/\/ea.ess-edu.pt\/index.php?rest_route=\/wp\/v2\/pages"}],"about":[{"href":"https:\/\/ea.ess-edu.pt\/index.php?rest_route=\/wp\/v2\/types\/page"}],"author":[{"embeddable":true,"href":"https:\/\/ea.ess-edu.pt\/index.php?rest_route=\/wp\/v2\/users\/1"}],"replies":[{"embeddable":true,"href":"https:\/\/ea.ess-edu.pt\/index.php?rest_route=%2Fwp%2Fv2%2Fcomments&post=192"}],"version-history":[{"count":1,"href":"https:\/\/ea.ess-edu.pt\/index.php?rest_route=\/wp\/v2\/pages\/192\/revisions"}],"predecessor-version":[{"id":205,"href":"https:\/\/ea.ess-edu.pt\/index.php?rest_route=\/wp\/v2\/pages\/192\/revisions\/205"}],"up":[{"embeddable":true,"href":"https:\/\/ea.ess-edu.pt\/index.php?rest_route=\/wp\/v2\/pages\/197"}],"wp:attachment":[{"href":"https:\/\/ea.ess-edu.pt\/index.php?rest_route=%2Fwp%2Fv2%2Fmedia&parent=192"}],"curies":[{"name":"wp","href":"https:\/\/api.w.org\/{rel}","templated":true}]}}