{"id":2,"date":"2008-12-24T03:51:01","date_gmt":"2008-12-24T02:51:01","guid":{"rendered":"https:\/\/ea.ess-edu.pt\/?page_id=2"},"modified":"2008-12-27T01:01:17","modified_gmt":"2008-12-27T01:01:17","slug":"sobre","status":"publish","type":"page","link":"https:\/\/ea.ess-edu.pt\/?page_id=2","title":{"rendered":"Acerca"},"content":{"rendered":"<p>Muito, pouco, nada. Como quem desfolha um malmequer: \u00e9 mais ou menos assim que cada um de n\u00f3s se situa, em rela\u00e7\u00e3o \u00e0 escola. Vimos c\u00e1 muitas vezes, nela vivemos uma boa parte da nossa vida. E gostamos. Gostamos? Dos amigos (quase sempre), das aulas (nem sempre), das pessoas que c\u00e1 encontramos (\u00e0s vezes), do que aprendemos?<\/p>\n<p>Muito, pouco, nada. Na escola acontecem muitas coisas. Muito, para al\u00e9m do que se v\u00ea. Dessas coisas, que vivemos, nem sempre contamos tudo. Nem sempre achamos que h\u00e1 coisas importantes para dizer, para mostrar. Mas h\u00e1.<\/p>\n<figure id=\"attachment_72\" aria-describedby=\"caption-attachment-72\" style=\"width: 300px\" class=\"wp-caption alignright\"><img decoding=\"async\" class=\"size-medium wp-image-72 lazyload\" title=\"EA\" data-src=\"https:\/\/ea.ess-edu.pt\/wp-content\/uploads\/2008\/12\/ea0-300x100.jpg\" alt=\"EA\" width=\"300\" height=\"100\" data-srcset=\"https:\/\/ea.ess-edu.pt\/wp-content\/uploads\/2008\/12\/ea0-300x100.jpg 300w, https:\/\/ea.ess-edu.pt\/wp-content\/uploads\/2008\/12\/ea0-1024x341.jpg 1024w, https:\/\/ea.ess-edu.pt\/wp-content\/uploads\/2008\/12\/ea0.jpg 1029w\" data-sizes=\"(max-width: 300px) 100vw, 300px\" src=\"data:image\/svg+xml;base64,PHN2ZyB3aWR0aD0iMSIgaGVpZ2h0PSIxIiB4bWxucz0iaHR0cDovL3d3dy53My5vcmcvMjAwMC9zdmciPjwvc3ZnPg==\" style=\"--smush-placeholder-width: 300px; --smush-placeholder-aspect-ratio: 300\/100;\" \/><figcaption id=\"caption-attachment-72\" class=\"wp-caption-text\">Jornal ESCOLA ABERTA<\/figcaption><\/figure>\n<p>Por exemplo, este jornal. H\u00e1 muito que o esper\u00e1vamos. No ano lectivo passado, a comunidade educativa foi convidada a encontrar-lhe um t\u00edtulo. \u00c9 verdade que a nossa escola tinha um jornal, mas ach\u00e1mos bem mudar-lhe o rosto, a estrutura e torn\u00e1-lo um espa\u00e7o de participa\u00e7\u00e3o de todos. Depois, o tempo passou rapidamente, tivemos todos muito que fazer&#8230; e o jornal n\u00e3o saiu.<\/p>\n<p>Est\u00e1 aqui, agora. Para garantir continuidade e marcar que todos estamos empenhados em construir a escola que sonhamos. Uma, que seja espa\u00e7o de corresponsabilidade, de partilha de saberes, alegrias, receios, vontade de crescer.<\/p>\n<p>Uma, onde todos se sintam bem, acolhidos, respeitados, amados. Uma Escola Aberta: c\u00e1 dentro e para fora, sem medo de dar a conhecer a vida que nela acontece.<\/p>\n<p>\u00c9 um pouco dessa vida que vai passar nestas folhas de papel, de m\u00e3o em m\u00e3o, como passam as coisas simples, aquelas que s\u00e3o verdadeiramente importantes. Porque, de certa forma, s\u00e3o nossas. Porque falam de n\u00f3s.<\/p>\n<p>Na final deste primeiro per\u00edodo, esperamos a leitura do primeiro n\u00famero de Escola Aberta seja, para todos, um sinal de esperan\u00e7a e de paz. E recrie em todos o gosto pela vida e a vontade de ajudar a construir um mundo melhor.<\/p>\n<p>Dezembro de 2004<br \/>\nPela Equipa da Biblioteca<br \/>\n<em>Cristina Borges Teixeira<\/em><\/p>\n","protected":false},"excerpt":{"rendered":"<p>Muito, pouco, nada. Como quem desfolha um malmequer: \u00e9 mais ou menos assim que cada um de n\u00f3s se situa, em rela\u00e7\u00e3o \u00e0 escola. Vimos c\u00e1 muitas vezes, nela vivemos uma boa parte da nossa vida. E gostamos. Gostamos? Dos amigos (quase sempre), das aulas (nem sempre), das pessoas que c\u00e1 encontramos (\u00e0s vezes), do [&hellip;]<\/p>\n","protected":false},"author":1,"featured_media":0,"parent":0,"menu_order":0,"comment_status":"open","ping_status":"closed","template":"","meta":{"ngg_post_thumbnail":0,"ocean_post_layout":"","ocean_both_sidebars_style":"","ocean_both_sidebars_content_width":0,"ocean_both_sidebars_sidebars_width":0,"ocean_sidebar":"","ocean_second_sidebar":"","ocean_disable_margins":"enable","ocean_add_body_class":"","ocean_shortcode_before_top_bar":"","ocean_shortcode_after_top_bar":"","ocean_shortcode_before_header":"","ocean_shortcode_after_header":"","ocean_has_shortcode":"","ocean_shortcode_after_title":"","ocean_shortcode_before_footer_widgets":"","ocean_shortcode_after_footer_widgets":"","ocean_shortcode_before_footer_bottom":"","ocean_shortcode_after_footer_bottom":"","ocean_display_top_bar":"default","ocean_display_header":"default","ocean_header_style":"","ocean_center_header_left_menu":"","ocean_custom_header_template":"","ocean_custom_logo":0,"ocean_custom_retina_logo":0,"ocean_custom_logo_max_width":0,"ocean_custom_logo_tablet_max_width":0,"ocean_custom_logo_mobile_max_width":0,"ocean_custom_logo_max_height":0,"ocean_custom_logo_tablet_max_height":0,"ocean_custom_logo_mobile_max_height":0,"ocean_header_custom_menu":"","ocean_menu_typo_font_family":"","ocean_menu_typo_font_subset":"","ocean_menu_typo_font_size":0,"ocean_menu_typo_font_size_tablet":0,"ocean_menu_typo_font_size_mobile":0,"ocean_menu_typo_font_size_unit":"px","ocean_menu_typo_font_weight":"","ocean_menu_typo_font_weight_tablet":"","ocean_menu_typo_font_weight_mobile":"","ocean_menu_typo_transform":"","ocean_menu_typo_transform_tablet":"","ocean_menu_typo_transform_mobile":"","ocean_menu_typo_line_height":0,"ocean_menu_typo_line_height_tablet":0,"ocean_menu_typo_line_height_mobile":0,"ocean_menu_typo_line_height_unit":"","ocean_menu_typo_spacing":0,"ocean_menu_typo_spacing_tablet":0,"ocean_menu_typo_spacing_mobile":0,"ocean_menu_typo_spacing_unit":"","ocean_menu_link_color":"","ocean_menu_link_color_hover":"","ocean_menu_link_color_active":"","ocean_menu_link_background":"","ocean_menu_link_hover_background":"","ocean_menu_link_active_background":"","ocean_menu_social_links_bg":"","ocean_menu_social_hover_links_bg":"","ocean_menu_social_links_color":"","ocean_menu_social_hover_links_color":"","ocean_disable_title":"default","ocean_disable_heading":"default","ocean_post_title":"","ocean_post_subheading":"","ocean_post_title_style":"","ocean_post_title_background_color":"","ocean_post_title_background":0,"ocean_post_title_bg_image_position":"","ocean_post_title_bg_image_attachment":"","ocean_post_title_bg_image_repeat":"","ocean_post_title_bg_image_size":"","ocean_post_title_height":0,"ocean_post_title_bg_overlay":0.5,"ocean_post_title_bg_overlay_color":"","ocean_disable_breadcrumbs":"default","ocean_breadcrumbs_color":"","ocean_breadcrumbs_separator_color":"","ocean_breadcrumbs_links_color":"","ocean_breadcrumbs_links_hover_color":"","ocean_display_footer_widgets":"default","ocean_display_footer_bottom":"default","ocean_custom_footer_template":"","footnotes":""},"class_list":["post-2","page","type-page","status-publish","hentry","entry"],"_links":{"self":[{"href":"https:\/\/ea.ess-edu.pt\/index.php?rest_route=\/wp\/v2\/pages\/2","targetHints":{"allow":["GET"]}}],"collection":[{"href":"https:\/\/ea.ess-edu.pt\/index.php?rest_route=\/wp\/v2\/pages"}],"about":[{"href":"https:\/\/ea.ess-edu.pt\/index.php?rest_route=\/wp\/v2\/types\/page"}],"author":[{"embeddable":true,"href":"https:\/\/ea.ess-edu.pt\/index.php?rest_route=\/wp\/v2\/users\/1"}],"replies":[{"embeddable":true,"href":"https:\/\/ea.ess-edu.pt\/index.php?rest_route=%2Fwp%2Fv2%2Fcomments&post=2"}],"version-history":[{"count":1,"href":"https:\/\/ea.ess-edu.pt\/index.php?rest_route=\/wp\/v2\/pages\/2\/revisions"}],"predecessor-version":[{"id":69,"href":"https:\/\/ea.ess-edu.pt\/index.php?rest_route=\/wp\/v2\/pages\/2\/revisions\/69"}],"wp:attachment":[{"href":"https:\/\/ea.ess-edu.pt\/index.php?rest_route=%2Fwp%2Fv2%2Fmedia&parent=2"}],"curies":[{"name":"wp","href":"https:\/\/api.w.org\/{rel}","templated":true}]}}